{"id":4,"date":"2012-11-10T21:37:29","date_gmt":"2012-11-10T20:37:29","guid":{"rendered":"http:\/\/www.blog.bleikloetzle.de\/?page_id=4"},"modified":"2017-03-07T18:55:42","modified_gmt":"2017-03-07T17:55:42","slug":"impressum","status":"publish","type":"page","link":"http:\/\/www.disslin-an.net\/?page_id=4","title":{"rendered":"Impressum"},"content":{"rendered":"<table id=\"Tabelle2\" border=\"0\" width=\"100%\" cellspacing=\"3\" cellpadding=\"1\">\n<tbody>\n<tr>\n<td width=\"563\"><strong>Contact<\/strong><\/td>\n<\/tr>\n<tr>\n<td width=\"563\">I shall give you a warm welcome if you come and visit me. But please do give me a call or a short notice some time in advance to make sure I\u2019m in. Contact me on:<br \/>\n<a href=\"mailto:ship@bleikloetzle-goes-british.de\">note@disslin-an.net<br \/>\n<\/a>Annette C. Disslin<br \/>\nThe Fork and Broom Press<br \/>\nOppenweher Stra\u00dfe 9<br \/>\nD-32351 Stemwede-Oppenwehe<br \/>\nGermanyPhone +49 (0)\u00a057 73 6 91 40 74If you are in need of my webmaster contact him directly: <a href=\"mailto:guenter@disslin.de\">Mail an Webmaster<\/a><\/p>\n<p>&nbsp;<\/td>\n<\/tr>\n<tr>\n<td width=\"563\"><strong>Impressum<\/strong><\/td>\n<\/tr>\n<tr>\n<td width=\"563\">Disclaimer: I refuse to give permission to any commercial use of any of the\u00a0 data here given.This site is part of world wide web (www) and links or is linked to other sites that can modify, alter or change permanently without notice to me. I have no responsibility of any kind or anything on any website linked to my website. It has been checked whether sites are an offence against current law or are contra bonos mores before they have been linked to my site. Following changes of any kind on these sites are not in my responsibility.The publisher and author can accept no legal responsibility for any consequences arising from the application of information, advice or instructions given in this publication.<\/p>\n<p>F\u00fcr: bleikl\u00f6tzle, Annette C. Di\u00dflin<br \/>\nGem\u00e4\u00df \u00a7 28 BDSG widerspreche ich jeder kommerziellen Verwendung<br \/>\nund Weitergabe meiner Daten.<br \/>\nVerantwortungsbereich: Das Impressum gilt nur f\u00fcr die Internetpr\u00e4senz unter der Adresse:www.bleikloetzle.de bzw. www.bleikl\u00f6tzle.de (http:\/\/www.xn--bleikltzle-jcb.de\/) und www.bleikloetzle-goes-british.de und www.disslin-an.net<br \/>\nAbgrenzung:<br \/>\nDie Web-Pr\u00e4senz ist Teil des WWW und dementsprechend mit fremden, sich jederzeit wandeln k\u00f6nnenden Web-Sites verkn\u00fcpft, die folglich auch nicht diesem Verantwortungsbereich unterliegen und f\u00fcr die nachfolgende Informationen nicht gelten. Dass die Links weder gegen Sitten noch Gesetze versto\u00dfen, wurde genau ein mal gepr\u00fcft: bevor sie hier aufgenommen wurden.<\/p>\n<p>Verantwortliche Ansprechperson:<br \/>\nAnnette C. Di\u00dflin<br \/>\nAnschrift:<br \/>\nOppenweher Stra\u00dfe 9<br \/>\nD-32351 Stemwede-Oppenwehe<br \/>\nDer Gerichtsstand ist der Sitz der Ansprechperson<br \/>\nelektronische Postadresse:\u00a0note@disslin-an.net<\/p>\n<p>Schnelle elektronische und unmittelbare Kommunikation: Tel.+4957736914074<\/p>\n<p>Zweck dieses Webprojektes:<br \/>\nErg\u00e4nzung zur Darstellung des Buchdruck-Ateliers Bleikl\u00f6tzle<\/p>\n<p>Journalistisch-redaktionelle Verantwortung :<br \/>\nAnnette C. Di\u00dflin,<br \/>\nOppenweher Stra\u00dfe 9<br \/>\nD-32351 Stemwede-Oppenwehe<\/p>\n<p>Die meisten Illustrationen unterliegen den Urheberrechten von:<br \/>\nAnnette C. Di\u00dflin<\/p>\n<p>Datenschutz Personenbezogene Daten werden nur mit Ihrem Wissen und Ihrer Einwilligung erhoben. Auf Antrag erhalten Sie unentgeltlich Auskunft zu den \u00fcber Sie gespeicherten personenbezogenen Daten. Wenden Sie sich dazu bitte an:<br \/>\nDipl. Ing. (FH) G\u00fcnter Di\u00dflin, guenter@disslin.de<\/p>\n<p>Keine Haftung:<br \/>\nDie Inhalte dieses Webprojektes wurden sorgf\u00e4ltig gepr\u00fcft und nach bestem Wissen erstellt. Aber f\u00fcr die hier dargebotenen Informationen wird kein Anspruch auf Vollst\u00e4ndigkeit, Aktualit\u00e4t, Qualit\u00e4t und Richtigkeit erhoben. Es kann keine Verantwortung f\u00fcr Sch\u00e4den \u00fcbernommen werden, die durch das Vertrauen auf die Inhalte dieser Website oder deren Gebrauch entstehen.<\/p>\n<p>Schutzrechtsverletzung:<br \/>\nFalls Sie vermuten, dass von dieser Website aus eines Ihrer Schutzrechte verletzt wird, teilen Sie das bitte umgehend per elektronischer Post mit, damit z\u00fcgig Abhilfe geschafft werden kann. Bitte nehmen Sie zur Kenntnis: Die zeitaufw\u00e4ndigere Einschaltung eines Anwaltes zur f\u00fcr den Diensteanbieter kostenpflichtigen Abmahnung entspricht nicht dessen wirklichen oder mutma\u00dflichen Willen.<\/td>\n<\/tr>\n<\/tbody>\n<\/table>\n","protected":false},"excerpt":{"rendered":"<p>Contact I shall give you a warm welcome if you come and visit me. But please do give me a call or a short notice some time in advance to make sure I\u2019m in. Contact me on: note@disslin-an.net Annette C. &hellip; <a href=\"http:\/\/www.disslin-an.net\/?page_id=4\">Weiterlesen <span class=\"meta-nav\">&rarr;<\/span><\/a><\/p>\n","protected":false},"author":1,"featured_media":0,"parent":0,"menu_order":0,"comment_status":"open","ping_status":"open","template":"","meta":{"footnotes":""},"class_list":["post-4","page","type-page","status-publish","hentry"],"_links":{"self":[{"href":"http:\/\/www.disslin-an.net\/index.php?rest_route=\/wp\/v2\/pages\/4","targetHints":{"allow":["GET"]}}],"collection":[{"href":"http:\/\/www.disslin-an.net\/index.php?rest_route=\/wp\/v2\/pages"}],"about":[{"href":"http:\/\/www.disslin-an.net\/index.php?rest_route=\/wp\/v2\/types\/page"}],"author":[{"embeddable":true,"href":"http:\/\/www.disslin-an.net\/index.php?rest_route=\/wp\/v2\/users\/1"}],"replies":[{"embeddable":true,"href":"http:\/\/www.disslin-an.net\/index.php?rest_route=%2Fwp%2Fv2%2Fcomments&post=4"}],"version-history":[{"count":10,"href":"http:\/\/www.disslin-an.net\/index.php?rest_route=\/wp\/v2\/pages\/4\/revisions"}],"predecessor-version":[{"id":1567,"href":"http:\/\/www.disslin-an.net\/index.php?rest_route=\/wp\/v2\/pages\/4\/revisions\/1567"}],"wp:attachment":[{"href":"http:\/\/www.disslin-an.net\/index.php?rest_route=%2Fwp%2Fv2%2Fmedia&parent=4"}],"curies":[{"name":"wp","href":"https:\/\/api.w.org\/{rel}","templated":true}]}}